{"id":82,"date":"2017-01-09T20:51:28","date_gmt":"2017-01-09T19:51:28","guid":{"rendered":"http:\/\/cpsarriguren.educacion.navarra.es\/web\/?page_id=82"},"modified":"2019-11-06T15:41:18","modified_gmt":"2019-11-06T14:41:18","slug":"normativa","status":"publish","type":"page","link":"https:\/\/cpsarriguren.educacion.navarra.es\/web\/normativa\/","title":{"rendered":"Normativa"},"content":{"rendered":"<h2><strong>LOMCE<\/strong><\/h2>\n<p>Pueden encontrar informaci\u00f3n detallada de toda la normativa LOMCE que va publicando el Departamento de Educaci\u00f3n del Gobierno de Navarra.<\/p>\n<h4><a href=\"http:\/\/www.educacion.navarra.es\/web\/dpto\/segundo-ciclo-de-educacion-infantil-y-primaria\">http:\/\/www.educacion.navarra.es\/web\/dpto\/segundo-ciclo-de-educacion-infantil-y-primaria<\/a><\/h4>\n<p>&nbsp;<\/p>\n<div id=\"tema-cab-content\">\n<h2><strong>Transparencia<\/strong><\/h2>\n<p>En cumplimiento de La Ley Foral 11\/2012 de la Transparencia y del Gobierno Abierto el Departamento de Educaci\u00f3n pone a disposici\u00f3n de la ciudadan\u00eda, de forma accesible, clara, objetiva y actualizada un listado de informaci\u00f3n activa.<\/p>\n<h4><a href=\"http:\/\/www.educacion.navarra.es\/web\/dpto\/directrices-relevantes\">http:\/\/www.educacion.navarra.es\/web\/dpto\/directrices-relevantes<\/a><\/h4>\n<p>&nbsp;<\/p>\n<\/div>\n<h2><strong>Protocolo ante agresiones externas<br \/>\n<\/strong><\/h2>\n<div class=\"textLayer\">\n<div>Este protocolo recoge las actuaciones a seguir<\/div>\n<div>en caso de que per-<\/div>\n<div>sonal adscrito al Departamento de Educaci\u00f3n sea objeto de alguna de las<\/div>\n<div>siguientes conductas en el ejercicio de su actividad profesional o como<\/div>\n<div>consecuencia directa de la misma, por parte de personas externas a la<\/div>\n<div>organizaci\u00f3n (alumnos, ex alumnos, usuarios, padres y madres, etc.).<\/div>\n<ul>\n<li>Violencia f\u00edsica<\/li>\n<li>Amenazas, insultos o conductas intimidatorias<\/li>\n<li>Da\u00f1os materiales<\/li>\n<\/ul>\n<p><a href=\"https:\/\/cpsarriguren.educacion.navarra.es\/web\/wp-content\/uploads\/2018\/02\/Agresiones_web_Cas.pdf\">https:\/\/cpsarriguren.educacion.navarra.es\/web\/wp-content\/uploads\/2018\/02\/Agresiones_web_Cas.pdf<\/a><\/p>\n<\/div>\n<p>&nbsp;<\/p>\n<p>&nbsp;<\/p>\n","protected":false},"excerpt":{"rendered":"<p>LOMCE Pueden encontrar informaci\u00f3n detallada de toda la normativa LOMCE que va publicando el Departamento de Educaci\u00f3n del Gobierno de Navarra. http:\/\/www.educacion.navarra.es\/web\/dpto\/segundo-ciclo-de-educacion-infantil-y-primaria &nbsp; Transparencia En cumplimiento de La Ley Foral 11\/2012 de la Transparencia y del Gobierno Abierto el Departamento de Educaci\u00f3n pone a disposici\u00f3n de la ciudadan\u00eda, de forma accesible, clara, objetiva y actualizada &hellip; <\/p>\n<p><a class=\"more-link btn\" href=\"https:\/\/cpsarriguren.educacion.navarra.es\/web\/normativa\/\">Continue reading<\/a><\/p>\n","protected":false},"author":1,"featured_media":0,"parent":0,"menu_order":0,"comment_status":"closed","ping_status":"closed","template":"","meta":{"ngg_post_thumbnail":0},"_links":{"self":[{"href":"https:\/\/cpsarriguren.educacion.navarra.es\/web\/wp-json\/wp\/v2\/pages\/82"}],"collection":[{"href":"https:\/\/cpsarriguren.educacion.navarra.es\/web\/wp-json\/wp\/v2\/pages"}],"about":[{"href":"https:\/\/cpsarriguren.educacion.navarra.es\/web\/wp-json\/wp\/v2\/types\/page"}],"author":[{"embeddable":true,"href":"https:\/\/cpsarriguren.educacion.navarra.es\/web\/wp-json\/wp\/v2\/users\/1"}],"replies":[{"embeddable":true,"href":"https:\/\/cpsarriguren.educacion.navarra.es\/web\/wp-json\/wp\/v2\/comments?post=82"}],"version-history":[{"count":6,"href":"https:\/\/cpsarriguren.educacion.navarra.es\/web\/wp-json\/wp\/v2\/pages\/82\/revisions"}],"predecessor-version":[{"id":1054,"href":"https:\/\/cpsarriguren.educacion.navarra.es\/web\/wp-json\/wp\/v2\/pages\/82\/revisions\/1054"}],"wp:attachment":[{"href":"https:\/\/cpsarriguren.educacion.navarra.es\/web\/wp-json\/wp\/v2\/media?parent=82"}],"curies":[{"name":"wp","href":"https:\/\/api.w.org\/{rel}","templated":true}]}}