{"id":65,"date":"2017-01-09T20:52:25","date_gmt":"2017-01-09T19:52:25","guid":{"rendered":"http:\/\/cpsarriguren.educacion.navarra.es\/web\/?page_id=65"},"modified":"2024-01-25T10:13:06","modified_gmt":"2024-01-25T09:13:06","slug":"donde-estamos","status":"publish","type":"page","link":"https:\/\/cpsarriguren.educacion.navarra.es\/web\/donde-estamos\/","title":{"rendered":"D\u00f3nde estamos"},"content":{"rendered":"<p>&nbsp;&nbsp;&nbsp;&nbsp;&nbsp;&nbsp;&nbsp;&nbsp;&nbsp;&nbsp;&nbsp;&nbsp;&nbsp;&nbsp;&nbsp;&nbsp;&nbsp;&nbsp;&nbsp;&nbsp;&nbsp;&nbsp;&nbsp;&nbsp;&nbsp;&nbsp;&nbsp;&nbsp;&nbsp;&nbsp;&nbsp;&nbsp;&nbsp;&nbsp;&nbsp;&nbsp;&nbsp;&nbsp;&nbsp;&nbsp;&nbsp;&nbsp;&nbsp;&nbsp;&nbsp;&nbsp;&nbsp;&nbsp;&nbsp;&nbsp;&nbsp;&nbsp;&nbsp;&nbsp;&nbsp;&nbsp;&nbsp;&nbsp;&nbsp;&nbsp;&nbsp;&nbsp; <iframe loading=\"lazy\" src=\"https:\/\/maps.google.com\/maps?q=avenida+jorge+oteiza%2C+6+31621+sarriguren&amp;t=m&amp;z=14&amp;output=embed&amp;iwloc=near\" width=\"300\" height=\"150\" frameborder=\"0\" marginwidth=\"0\" marginheight=\"0\" scrolling=\"no\"><\/iframe><\/p>\n<p style=\"text-align: center;\"><img loading=\"lazy\" class=\"\" src=\"https:\/\/cdn.icon-icons.com\/icons2\/3783\/PNG\/512\/direction_navigation_map_maps_pin_icon_232090.png\" alt=\"Direcci\u00f3n navegaci\u00f3n mapa mapas pin - Iconos Banderas y Mapas\" width=\"31\" height=\"31\">Avda. Jorge Oteiza n\u00ba 6&nbsp;&nbsp; &#8211;&nbsp; 31621&nbsp; &#8211;&nbsp;&nbsp;&nbsp; Sarriguren ( Navarra )&nbsp; &nbsp; &nbsp; <img loading=\"lazy\" class=\"\" src=\"https:\/\/img.freepik.com\/vector-premium\/icono-telefono-boton-miniatura_24911-30424.jpg\" alt=\"Icono de tel\u00e9fono bot\u00f3n miniatura | Vector Premium\" width=\"35\" height=\"35\">&nbsp; 948 78 66 20<\/p>\n<p style=\"text-align: center;\"><img loading=\"lazy\" class=\"\" src=\"https:\/\/static.vecteezy.com\/system\/resources\/previews\/010\/148\/487\/non_2x\/email-and-mail-icon-sign-symbol-design-free-png.png\" alt=\"dise\u00f1o de s\u00edmbolo de signo de icono de correo electr\u00f3nico y correo 10148487  PNG\" width=\"28\" height=\"28\"> cpsarrighuriz-gral@educacion.navarra.es<\/p>\n<p style=\"text-align: center;\"><img loading=\"lazy\" class=\"\" src=\"https:\/\/upload.wikimedia.org\/wikipedia\/commons\/thumb\/5\/58\/Instagram-Icon.png\/800px-Instagram-Icon.png\" alt=\"Archivo:Instagram-Icon.png - Wikipedia, la enciclopedia libre\" width=\"24\" height=\"24\"> cphurizpi&nbsp;<\/p>\n","protected":false},"excerpt":{"rendered":"<p>&nbsp;&nbsp;&nbsp;&nbsp;&nbsp;&nbsp;&nbsp;&nbsp;&nbsp;&nbsp;&nbsp;&nbsp;&nbsp;&nbsp;&nbsp;&nbsp;&nbsp;&nbsp;&nbsp;&nbsp;&nbsp;&nbsp;&nbsp;&nbsp;&nbsp;&nbsp;&nbsp;&nbsp;&nbsp;&nbsp;&nbsp;&nbsp;&nbsp;&nbsp;&nbsp;&nbsp;&nbsp;&nbsp;&nbsp;&nbsp;&nbsp;&nbsp;&nbsp;&nbsp;&nbsp;&nbsp;&nbsp;&nbsp;&nbsp;&nbsp;&nbsp;&nbsp;&nbsp;&nbsp;&nbsp;&nbsp;&nbsp;&nbsp;&nbsp;&nbsp;&nbsp;&nbsp; Avda. Jorge Oteiza n\u00ba 6&nbsp;&nbsp; &#8211;&nbsp; 31621&nbsp; &#8211;&nbsp;&nbsp;&nbsp; Sarriguren ( Navarra )&nbsp; &nbsp; &nbsp; &nbsp; 948 78 66 20 cpsarrighuriz-gral@educacion.navarra.es cphurizpi&nbsp;<\/p>\n","protected":false},"author":1,"featured_media":0,"parent":0,"menu_order":0,"comment_status":"closed","ping_status":"closed","template":"","meta":{"ngg_post_thumbnail":0},"_links":{"self":[{"href":"https:\/\/cpsarriguren.educacion.navarra.es\/web\/wp-json\/wp\/v2\/pages\/65"}],"collection":[{"href":"https:\/\/cpsarriguren.educacion.navarra.es\/web\/wp-json\/wp\/v2\/pages"}],"about":[{"href":"https:\/\/cpsarriguren.educacion.navarra.es\/web\/wp-json\/wp\/v2\/types\/page"}],"author":[{"embeddable":true,"href":"https:\/\/cpsarriguren.educacion.navarra.es\/web\/wp-json\/wp\/v2\/users\/1"}],"replies":[{"embeddable":true,"href":"https:\/\/cpsarriguren.educacion.navarra.es\/web\/wp-json\/wp\/v2\/comments?post=65"}],"version-history":[{"count":9,"href":"https:\/\/cpsarriguren.educacion.navarra.es\/web\/wp-json\/wp\/v2\/pages\/65\/revisions"}],"predecessor-version":[{"id":3709,"href":"https:\/\/cpsarriguren.educacion.navarra.es\/web\/wp-json\/wp\/v2\/pages\/65\/revisions\/3709"}],"wp:attachment":[{"href":"https:\/\/cpsarriguren.educacion.navarra.es\/web\/wp-json\/wp\/v2\/media?parent=65"}],"curies":[{"name":"wp","href":"https:\/\/api.w.org\/{rel}","templated":true}]}}