{"id":4157,"date":"2025-12-04T12:26:33","date_gmt":"2025-12-04T11:26:33","guid":{"rendered":"https:\/\/cpsarriguren.educacion.navarra.es\/web\/?page_id=4157"},"modified":"2025-12-04T12:41:40","modified_gmt":"2025-12-04T11:41:40","slug":"dia-del-libro","status":"publish","type":"page","link":"https:\/\/cpsarriguren.educacion.navarra.es\/web\/dia-del-libro\/","title":{"rendered":"D\u00eda del Libro"},"content":{"rendered":"<div class=\"fsn-row full-width-row fsn-6a0588184bc70 light\" style=\"background-repeat:repeat;background-position:left top;background-attachment:scroll;background-size:auto;\"><div class=\"container-fluid\"><div class=\"row\"><div class=\"col-sm-12\"><div class=\"fsn-column-inner fsn-6a0588184bce6 light\"><div class=\"fsn-text fsn-6a0588184bd1d\">\n<p>El d\u00eda del libro es otra de las celebraciones marcadas en nuestro calendario escolar.<\/p>\n<p>En este d\u00eda, as\u00ed como los d\u00edas previos, se aprovecha para transmitir al alumnado la importancia de la lectura y del h\u00e1bito lector, as\u00ed como lo bonito que es leer un libro y enfrascarte en las aventuras a trav\u00e9s de sus p\u00e1ginas.&nbsp;<\/p>\n<p>Algunos cursos se ha organizado al alumnado para que lean un cuento juntos, mezclando diferentes edades y eligiendo diferentes rinconces del colegio en los que leer en calma.<\/p>\n<p>Otros cursos se ha realizado un mercadillo solidario de libros, realizando un intercambio de libros y recaudando dinero para donar a una causa ben\u00e9fica.&nbsp;<\/p>\n<p><img loading=\"lazy\" class=\"aligncenter\" src=\"https:\/\/cpsarriguren.educacion.navarra.es\/web\/wp-content\/uploads\/2025\/05\/Libro-2.jpg\" width=\"283\" height=\"378\"><\/p>\n<\/div><\/div><\/div><\/div><\/div><\/div>\n","protected":false},"excerpt":{"rendered":"","protected":false},"author":1,"featured_media":0,"parent":0,"menu_order":0,"comment_status":"closed","ping_status":"closed","template":"","meta":{"ngg_post_thumbnail":0},"_links":{"self":[{"href":"https:\/\/cpsarriguren.educacion.navarra.es\/web\/wp-json\/wp\/v2\/pages\/4157"}],"collection":[{"href":"https:\/\/cpsarriguren.educacion.navarra.es\/web\/wp-json\/wp\/v2\/pages"}],"about":[{"href":"https:\/\/cpsarriguren.educacion.navarra.es\/web\/wp-json\/wp\/v2\/types\/page"}],"author":[{"embeddable":true,"href":"https:\/\/cpsarriguren.educacion.navarra.es\/web\/wp-json\/wp\/v2\/users\/1"}],"replies":[{"embeddable":true,"href":"https:\/\/cpsarriguren.educacion.navarra.es\/web\/wp-json\/wp\/v2\/comments?post=4157"}],"version-history":[{"count":2,"href":"https:\/\/cpsarriguren.educacion.navarra.es\/web\/wp-json\/wp\/v2\/pages\/4157\/revisions"}],"predecessor-version":[{"id":4166,"href":"https:\/\/cpsarriguren.educacion.navarra.es\/web\/wp-json\/wp\/v2\/pages\/4157\/revisions\/4166"}],"wp:attachment":[{"href":"https:\/\/cpsarriguren.educacion.navarra.es\/web\/wp-json\/wp\/v2\/media?parent=4157"}],"curies":[{"name":"wp","href":"https:\/\/api.w.org\/{rel}","templated":true}]}}