{"id":4144,"date":"2025-12-04T11:51:07","date_gmt":"2025-12-04T10:51:07","guid":{"rendered":"https:\/\/cpsarriguren.educacion.navarra.es\/web\/?page_id=4144"},"modified":"2025-12-04T12:17:21","modified_gmt":"2025-12-04T11:17:21","slug":"cumpleanos-pepita-uriz","status":"publish","type":"page","link":"https:\/\/cpsarriguren.educacion.navarra.es\/web\/cumpleanos-pepita-uriz\/","title":{"rendered":"Cumplea\u00f1os Pepita \u00dariz"},"content":{"rendered":"<div class=\"fsn-row full-width-row fsn-69eb06045ef00 light\" style=\"background-repeat:repeat;background-position:left top;background-attachment:scroll;background-size:auto;\"><div class=\"container-fluid\"><div class=\"row\"><div class=\"col-sm-12\"><div class=\"fsn-column-inner fsn-69eb06045ef48 light\"><div class=\"fsn-text fsn-69eb06045ef72\">\n<p>Otra de las celebraciones m\u00e1s esperadas por nuestro alumnado es el Cumplea\u00f1os de Pepita \u00dariz.&nbsp;<\/p>\n<p>Esta celebraci\u00f3n engloba un gran concurso en el que puede participar cualquier alumno o alumna del colegio. El concurso es de talentos y siempre se divide en diferentes categor\u00edas: instrumento \/ canto (individual o grupal), baile (individual o grupal) y otros talentos.&nbsp;<\/p>\n<p>Es una oportunidad muy bonita para que nuestro alumnado demuestre su talento y para que tambi\u00e9n descubran el talento de sus compa\u00f1eras y compa\u00f1eros.<\/p>\n<p>Las actuaciones se realizan en los recreos, donde gran parte del alumnado atiende de p\u00fablico y animador.&nbsp;<\/p>\n<p>Os dejamos un resumen del concurso de talentos de uno de los cursos pasados.<\/p>\n<div class=\"embed-container\"><iframe loading=\"lazy\" title=\"CONCURSO TALENTOS 24\/25\" width=\"750\" height=\"422\" src=\"https:\/\/www.youtube.com\/embed\/6-djQidR564?start=1&#038;feature=oembed\" frameborder=\"0\" allow=\"accelerometer; autoplay; clipboard-write; encrypted-media; gyroscope; picture-in-picture; web-share\" referrerpolicy=\"strict-origin-when-cross-origin\" allowfullscreen><\/iframe><\/div>\n<p>&nbsp;<\/p>\n<\/div><\/div><\/div><\/div><\/div><\/div>\n","protected":false},"excerpt":{"rendered":"","protected":false},"author":1,"featured_media":0,"parent":0,"menu_order":0,"comment_status":"closed","ping_status":"closed","template":"","meta":{"ngg_post_thumbnail":0},"_links":{"self":[{"href":"https:\/\/cpsarriguren.educacion.navarra.es\/web\/wp-json\/wp\/v2\/pages\/4144"}],"collection":[{"href":"https:\/\/cpsarriguren.educacion.navarra.es\/web\/wp-json\/wp\/v2\/pages"}],"about":[{"href":"https:\/\/cpsarriguren.educacion.navarra.es\/web\/wp-json\/wp\/v2\/types\/page"}],"author":[{"embeddable":true,"href":"https:\/\/cpsarriguren.educacion.navarra.es\/web\/wp-json\/wp\/v2\/users\/1"}],"replies":[{"embeddable":true,"href":"https:\/\/cpsarriguren.educacion.navarra.es\/web\/wp-json\/wp\/v2\/comments?post=4144"}],"version-history":[{"count":3,"href":"https:\/\/cpsarriguren.educacion.navarra.es\/web\/wp-json\/wp\/v2\/pages\/4144\/revisions"}],"predecessor-version":[{"id":4153,"href":"https:\/\/cpsarriguren.educacion.navarra.es\/web\/wp-json\/wp\/v2\/pages\/4144\/revisions\/4153"}],"wp:attachment":[{"href":"https:\/\/cpsarriguren.educacion.navarra.es\/web\/wp-json\/wp\/v2\/media?parent=4144"}],"curies":[{"name":"wp","href":"https:\/\/api.w.org\/{rel}","templated":true}]}}