{"id":4140,"date":"2025-12-04T11:39:34","date_gmt":"2025-12-04T10:39:34","guid":{"rendered":"https:\/\/cpsarriguren.educacion.navarra.es\/web\/?page_id=4140"},"modified":"2025-12-04T12:41:03","modified_gmt":"2025-12-04T11:41:03","slug":"carnaval","status":"publish","type":"page","link":"https:\/\/cpsarriguren.educacion.navarra.es\/web\/carnaval\/","title":{"rendered":"Carnaval"},"content":{"rendered":"<div class=\"fsn-row full-width-row fsn-69ebc654693c1 light\" style=\"background-repeat:repeat;background-position:left top;background-attachment:scroll;background-size:auto;\"><div class=\"container-fluid\"><div class=\"row\"><div class=\"col-sm-12\"><div class=\"fsn-column-inner fsn-69ebc65469410 light\"><div class=\"fsn-text fsn-69ebc65469439\">\n<p>Curso tras curso, en febrero, se celebra el Carnaval.<\/p>\n<p>Esta fecha tan especial es celebrada por todo lo alto, con Kalejira y actuaciones en el patio donde pueden acudir las familias del alumnado a disfrutar de los bailes y los disfraces.<\/p>\n<p>El Carnaval va rotando: un a\u00f1o es tem\u00e1tico y otro a\u00f1o es rural.&nbsp;<\/p>\n<p>Adem\u00e1s, todos los cursos tenemos en la escuela a Zakut\u00f3n, un personaje al que le atamos aquellos mensajes que queremos que desaparezcan y que luego es quemado por la tarde en la celebraci\u00f3n del Carnaval en Sarriguren.&nbsp;<\/p>\n<p><img loading=\"lazy\" class=\"aligncenter\" src=\"https:\/\/mail.google.com\/mail\/u\/3?ui=2&amp;ik=b128037311&amp;attid=0.1&amp;permmsgid=msg-f:1850577576172838041&amp;th=19ae92803115dc99&amp;view=fimg&amp;fur=ip&amp;permmsgid=msg-f:1850577576172838041&amp;sz=s0-l75-ft&amp;attbid=ANGjdJ89YwQ9FlPCuYtkp6OmuDZucPeOpV2vdg1jPUixhbmNX38NU0szBAJa6beBCdsy7IXXGbEE0N2TqnGhzp9l1_DTsoIsfCftMPG-I8I6HRQOPNS4JCAJILF7E7c&amp;disp=emb&amp;zw\" alt=\"01FBAC0B-7017-421B-84E2-08A9A2B4C8C8.JPEG\" width=\"319\" height=\"425\"><\/p>\n<\/div><\/div><\/div><\/div><\/div><\/div>\n","protected":false},"excerpt":{"rendered":"","protected":false},"author":1,"featured_media":0,"parent":0,"menu_order":0,"comment_status":"closed","ping_status":"closed","template":"","meta":{"ngg_post_thumbnail":0},"_links":{"self":[{"href":"https:\/\/cpsarriguren.educacion.navarra.es\/web\/wp-json\/wp\/v2\/pages\/4140"}],"collection":[{"href":"https:\/\/cpsarriguren.educacion.navarra.es\/web\/wp-json\/wp\/v2\/pages"}],"about":[{"href":"https:\/\/cpsarriguren.educacion.navarra.es\/web\/wp-json\/wp\/v2\/types\/page"}],"author":[{"embeddable":true,"href":"https:\/\/cpsarriguren.educacion.navarra.es\/web\/wp-json\/wp\/v2\/users\/1"}],"replies":[{"embeddable":true,"href":"https:\/\/cpsarriguren.educacion.navarra.es\/web\/wp-json\/wp\/v2\/comments?post=4140"}],"version-history":[{"count":4,"href":"https:\/\/cpsarriguren.educacion.navarra.es\/web\/wp-json\/wp\/v2\/pages\/4140\/revisions"}],"predecessor-version":[{"id":4164,"href":"https:\/\/cpsarriguren.educacion.navarra.es\/web\/wp-json\/wp\/v2\/pages\/4140\/revisions\/4164"}],"wp:attachment":[{"href":"https:\/\/cpsarriguren.educacion.navarra.es\/web\/wp-json\/wp\/v2\/media?parent=4140"}],"curies":[{"name":"wp","href":"https:\/\/api.w.org\/{rel}","templated":true}]}}