{"id":4107,"date":"2025-10-16T11:52:40","date_gmt":"2025-10-16T09:52:40","guid":{"rendered":"https:\/\/cpsarriguren.educacion.navarra.es\/web\/?page_id=4107"},"modified":"2025-10-16T11:52:40","modified_gmt":"2025-10-16T09:52:40","slug":"curso-25-26","status":"publish","type":"page","link":"https:\/\/cpsarriguren.educacion.navarra.es\/web\/curso-25-26\/","title":{"rendered":"CURSO 25\/26"},"content":{"rendered":"<div class=\"fsn-row full-width-row fsn-69d2900f8aab3 light\" style=\"background-repeat:repeat;background-position:left top;background-attachment:scroll;background-size:auto;\"><div class=\"container-fluid\"><div class=\"row\"><div class=\"col-sm-12\"><div class=\"fsn-column-inner fsn-69d2900f8ab0b light\"><div class=\"fsn-text fsn-69d2900f8ab49\">\n<p>El pasado viernes <span style=\"color: #339966;\"><strong>3 de octubre<\/strong><\/span> se celebraron, como cada curso, las <strong><span style=\"color: #339966;\">Jornadas de Bienvenida.<\/span><\/strong> En estas jornadas el alumnado de los cursos superiores del cole ense\u00f1an unos juegos a los alumnos m\u00e1s peque\u00f1os y a las alumnas m\u00e1s peque\u00f1as del cole. Despu\u00e9s de ense\u00f1arles c\u00f3mo jugar, juegan todos y todas juntos y juntas durante la ma\u00f1ana.&nbsp;<\/p>\n<p>Este curso, al ser <span style=\"color: #339966;\"><strong><em>\u00abConexi\u00f3n mundo\u00bb<\/em> <\/strong><\/span>nuestro eje de centro, se prepararon juegos de diferentes lugares del mundo.<\/p>\n<p>Es un d\u00eda muy bonito en el que se crean nuevos v\u00ednculos entre el alumnado de diferentes edades del centro.&nbsp;<\/p>\n<p>Menci\u00f3n especial al <span style=\"color: #339966;\"><strong>profesorado de educaci\u00f3n f\u00edsica,<\/strong><\/span> por preparar los juegos con el alumnado y organizar todo el d\u00eda. \u00a1Muchas gracias por vuestro trabajazo!<\/p>\n<p>Os dejamos algunas fotograf\u00edas del d\u00eda.&nbsp;<\/p>\n<p>ngg_shortcode_0_placeholder<\/div><\/div><\/div><\/div><\/div><\/div>\n","protected":false},"excerpt":{"rendered":"","protected":false},"author":1,"featured_media":0,"parent":0,"menu_order":0,"comment_status":"closed","ping_status":"closed","template":"","meta":{"ngg_post_thumbnail":0},"_links":{"self":[{"href":"https:\/\/cpsarriguren.educacion.navarra.es\/web\/wp-json\/wp\/v2\/pages\/4107"}],"collection":[{"href":"https:\/\/cpsarriguren.educacion.navarra.es\/web\/wp-json\/wp\/v2\/pages"}],"about":[{"href":"https:\/\/cpsarriguren.educacion.navarra.es\/web\/wp-json\/wp\/v2\/types\/page"}],"author":[{"embeddable":true,"href":"https:\/\/cpsarriguren.educacion.navarra.es\/web\/wp-json\/wp\/v2\/users\/1"}],"replies":[{"embeddable":true,"href":"https:\/\/cpsarriguren.educacion.navarra.es\/web\/wp-json\/wp\/v2\/comments?post=4107"}],"version-history":[{"count":1,"href":"https:\/\/cpsarriguren.educacion.navarra.es\/web\/wp-json\/wp\/v2\/pages\/4107\/revisions"}],"predecessor-version":[{"id":4108,"href":"https:\/\/cpsarriguren.educacion.navarra.es\/web\/wp-json\/wp\/v2\/pages\/4107\/revisions\/4108"}],"wp:attachment":[{"href":"https:\/\/cpsarriguren.educacion.navarra.es\/web\/wp-json\/wp\/v2\/media?parent=4107"}],"curies":[{"name":"wp","href":"https:\/\/api.w.org\/{rel}","templated":true}]}}