{"id":4015,"date":"2025-02-04T09:50:45","date_gmt":"2025-02-04T08:50:45","guid":{"rendered":"https:\/\/cpsarriguren.educacion.navarra.es\/web\/?page_id=4015"},"modified":"2025-02-04T09:50:45","modified_gmt":"2025-02-04T08:50:45","slug":"video-experiencias-aula-ikasnova","status":"publish","type":"page","link":"https:\/\/cpsarriguren.educacion.navarra.es\/web\/video-experiencias-aula-ikasnova\/","title":{"rendered":"V\u00cdDEO EXPERIENCIAS AULA IKASNOVA"},"content":{"rendered":"<div class=\"fsn-row full-width-row fsn-69d49e0fb40c2 light\" style=\"background-repeat:repeat;background-position:left top;background-attachment:scroll;background-size:auto;\"><div class=\"container-fluid\"><div class=\"row\"><div class=\"col-sm-12\"><div class=\"fsn-column-inner fsn-69d49e0fb4128 light\"><div class=\"fsn-text fsn-69d49e0fb4153\">\n<p>Aqu\u00ed ten\u00e9is un v\u00eddeo sobre algunas de las experiencias que realizamos en nuestro aula IkasNOVA. Sin duda alguna es un aula que ofrece infinitas posibilidades y uno de los lugares en los que m\u00e1s disfruta el alumnado.&nbsp;<\/p>\n<div class=\"embed-container\"><iframe loading=\"lazy\" title=\"Video IKASNOVA\" width=\"750\" height=\"422\" src=\"https:\/\/www.youtube.com\/embed\/RksPq-Y_FV0?feature=oembed\" frameborder=\"0\" allow=\"accelerometer; autoplay; clipboard-write; encrypted-media; gyroscope; picture-in-picture; web-share\" referrerpolicy=\"strict-origin-when-cross-origin\" allowfullscreen><\/iframe><\/div>\n<p>&nbsp;<\/p>\n<p>&nbsp;<\/p>\n<\/div><\/div><\/div><\/div><\/div><\/div>\n","protected":false},"excerpt":{"rendered":"","protected":false},"author":1,"featured_media":0,"parent":0,"menu_order":0,"comment_status":"closed","ping_status":"closed","template":"","meta":{"ngg_post_thumbnail":0},"_links":{"self":[{"href":"https:\/\/cpsarriguren.educacion.navarra.es\/web\/wp-json\/wp\/v2\/pages\/4015"}],"collection":[{"href":"https:\/\/cpsarriguren.educacion.navarra.es\/web\/wp-json\/wp\/v2\/pages"}],"about":[{"href":"https:\/\/cpsarriguren.educacion.navarra.es\/web\/wp-json\/wp\/v2\/types\/page"}],"author":[{"embeddable":true,"href":"https:\/\/cpsarriguren.educacion.navarra.es\/web\/wp-json\/wp\/v2\/users\/1"}],"replies":[{"embeddable":true,"href":"https:\/\/cpsarriguren.educacion.navarra.es\/web\/wp-json\/wp\/v2\/comments?post=4015"}],"version-history":[{"count":1,"href":"https:\/\/cpsarriguren.educacion.navarra.es\/web\/wp-json\/wp\/v2\/pages\/4015\/revisions"}],"predecessor-version":[{"id":4016,"href":"https:\/\/cpsarriguren.educacion.navarra.es\/web\/wp-json\/wp\/v2\/pages\/4015\/revisions\/4016"}],"wp:attachment":[{"href":"https:\/\/cpsarriguren.educacion.navarra.es\/web\/wp-json\/wp\/v2\/media?parent=4015"}],"curies":[{"name":"wp","href":"https:\/\/api.w.org\/{rel}","templated":true}]}}