{"id":3945,"date":"2024-06-28T11:10:41","date_gmt":"2024-06-28T09:10:41","guid":{"rendered":"https:\/\/cpsarriguren.educacion.navarra.es\/web\/?page_id=3945"},"modified":"2024-06-28T11:10:41","modified_gmt":"2024-06-28T09:10:41","slug":"erasmus","status":"publish","type":"page","link":"https:\/\/cpsarriguren.educacion.navarra.es\/web\/erasmus\/","title":{"rendered":"ERASMUS +"},"content":{"rendered":"<div class=\"fsn-row full-width-row fsn-69e1613ce1ae5 light\" style=\"background-repeat:repeat;background-position:left top;background-attachment:scroll;background-size:auto;\"><div class=\"container-fluid\"><div class=\"row\"><div class=\"col-sm-12\"><div class=\"fsn-column-inner fsn-69e1613ce1b3d light\"><div class=\"fsn-text fsn-69e1613ce1b69\">\n<p>Este curso, tres profesores y profesoras del centro han podido participar en el programa Erasmus +, que permite a docentes visitar otros centros educativos de Europa.<\/p>\n<p>El destino elegido fue Mil\u00e1n y estuvieron visitando tres centros italianos durante una semana, uno privado y dos p\u00fablicos. Fue una experiencia muy bonita, ya que es muy interesante poder ver en qu\u00e9 nos parecemos y en qu\u00e9 nos diferenciamos, educativamente hablando. Adem\u00e1s, esta experiencia posibilita implementar nuevos aspectos e ideas en tu propio centro cuando regresas al mismo.&nbsp;<\/p>\n<p>Pudieron disfrutar trabajando con los ni\u00f1os y ni\u00f1as, as\u00ed como conversar con el profesorado de Mil\u00e1n sobre la educaci\u00f3n tanto espa\u00f1ola como italiana.&nbsp;<\/p>\n<p>Os dejamos algunas fotos de la experiencia.&nbsp;<\/p>\n<p><img loading=\"lazy\" class=\"alignnone size-full wp-image-3942\" src=\"https:\/\/cpsarriguren.educacion.navarra.es\/web\/wp-content\/uploads\/2024\/06\/LOGO-ERASMUS.jpg\" alt=\"\" width=\"277\" height=\"86\"><\/p>\n<p><img loading=\"lazy\" class=\"alignnone wp-image-3946\" src=\"https:\/\/cpsarriguren.educacion.navarra.es\/web\/wp-content\/uploads\/2024\/06\/unnamed.png\" alt=\"\" width=\"181\" height=\"102\" srcset=\"https:\/\/cpsarriguren.educacion.navarra.es\/web\/wp-content\/uploads\/2024\/06\/unnamed.png 512w, https:\/\/cpsarriguren.educacion.navarra.es\/web\/wp-content\/uploads\/2024\/06\/unnamed-300x169.png 300w\" sizes=\"(max-width: 181px) 100vw, 181px\" \/><\/p>\n<p>ngg_shortcode_0_placeholder<\/div><\/div><\/div><\/div><\/div><\/div>\n","protected":false},"excerpt":{"rendered":"","protected":false},"author":1,"featured_media":0,"parent":0,"menu_order":0,"comment_status":"closed","ping_status":"closed","template":"","meta":{"ngg_post_thumbnail":0},"_links":{"self":[{"href":"https:\/\/cpsarriguren.educacion.navarra.es\/web\/wp-json\/wp\/v2\/pages\/3945"}],"collection":[{"href":"https:\/\/cpsarriguren.educacion.navarra.es\/web\/wp-json\/wp\/v2\/pages"}],"about":[{"href":"https:\/\/cpsarriguren.educacion.navarra.es\/web\/wp-json\/wp\/v2\/types\/page"}],"author":[{"embeddable":true,"href":"https:\/\/cpsarriguren.educacion.navarra.es\/web\/wp-json\/wp\/v2\/users\/1"}],"replies":[{"embeddable":true,"href":"https:\/\/cpsarriguren.educacion.navarra.es\/web\/wp-json\/wp\/v2\/comments?post=3945"}],"version-history":[{"count":2,"href":"https:\/\/cpsarriguren.educacion.navarra.es\/web\/wp-json\/wp\/v2\/pages\/3945\/revisions"}],"predecessor-version":[{"id":3948,"href":"https:\/\/cpsarriguren.educacion.navarra.es\/web\/wp-json\/wp\/v2\/pages\/3945\/revisions\/3948"}],"wp:attachment":[{"href":"https:\/\/cpsarriguren.educacion.navarra.es\/web\/wp-json\/wp\/v2\/media?parent=3945"}],"curies":[{"name":"wp","href":"https:\/\/api.w.org\/{rel}","templated":true}]}}