{"id":3864,"date":"2024-04-26T13:09:39","date_gmt":"2024-04-26T11:09:39","guid":{"rendered":"https:\/\/cpsarriguren.educacion.navarra.es\/web\/?page_id=3864"},"modified":"2024-04-26T13:10:05","modified_gmt":"2024-04-26T11:10:05","slug":"que-iniciativas-proponemos-desde-nuestra-escuela-1","status":"publish","type":"page","link":"https:\/\/cpsarriguren.educacion.navarra.es\/web\/que-iniciativas-proponemos-desde-nuestra-escuela-1\/","title":{"rendered":"\u00bfQu\u00e9 iniciativas proponemos desde nuestra escuela?"},"content":{"rendered":"<div class=\"fsn-row full-width-row fsn-69d047d330f9a light\" style=\"background-repeat:repeat;background-position:left top;background-attachment:scroll;background-size:auto;\"><div class=\"container-fluid\"><div class=\"row\"><div class=\"col-sm-12\"><div class=\"fsn-column-inner fsn-69d047d330fec light\"><div class=\"fsn-text fsn-69d047d331028\">\n<h4><span style=\"color: #cc99ff;\"><strong>\u00bfQU\u00c9 INICIATIVAS PROPONEMOS DESDE&nbsp; NUESTRA ESCUELA?<img loading=\"lazy\" class=\"wp-image-3850 alignleft\" src=\"https:\/\/cpsarriguren.educacion.navarra.es\/web\/wp-content\/uploads\/2024\/04\/SKOLAE-INICIO-COLOR-VERTICAL-web.jpg\" alt=\"\" width=\"206\" height=\"292\" srcset=\"https:\/\/cpsarriguren.educacion.navarra.es\/web\/wp-content\/uploads\/2024\/04\/SKOLAE-INICIO-COLOR-VERTICAL-web.jpg 420w, https:\/\/cpsarriguren.educacion.navarra.es\/web\/wp-content\/uploads\/2024\/04\/SKOLAE-INICIO-COLOR-VERTICAL-web-212x300.jpg 212w\" sizes=\"(max-width: 206px) 100vw, 206px\" \/><\/strong><\/span><\/h4>\n<p style=\"text-align: left;\"><span style=\"font-weight: 400;\">En primer lugar, la mayor\u00eda de acciones encaminadas a trabajar estos eje se se desarrollan de forma org\u00e1nica integr\u00e1ndose en la pr\u00e1ctica educativa cotidiana: cuidando el lenguaje, seleccionando qu\u00e9 tipo de im\u00e1genes se utilizan, utilizando t\u00e9rminos gen\u00e9ricos para referirse a los trabajadores y trabajadoras del colegio: docentes, equipo de limpieza, alumnado, etc.&nbsp;<\/span><\/p>\n<ul>\n<li style=\"font-weight: 400;\"><span style=\"font-weight: 400;\">Cuando trabajamos los cuentos, analizamos los personajes y las atribuciones que se hacen a los personajes masculinos y femeninos, detectando qu\u00e9 estereotipos se reproducen en los mismos con la finalidad de concienciar sobre los mensajes que se env\u00edan.&nbsp;<\/span><\/li>\n<li style=\"font-weight: 400;\"><span style=\"font-weight: 400;\">Al trabajar las profesiones, se tiene mucho cuidado a la hora de asignar&nbsp; un g\u00e9nero a seg\u00fan qu\u00e9 profesiones (ingenieros, jueces o m\u00e9dicos vs enfermeras, maestras y limpiadoras), integrando todos los g\u00e9neros.&nbsp;<\/span><\/li>\n<li style=\"font-weight: 400;\"><span style=\"font-weight: 400;\">Analizando los mensajes emitidos por medios de comunicaci\u00f3n, redes sociales y pel\u00edculas de animaci\u00f3n, valorando la distribuci\u00f3n de roles en la sociedad y la importancia de compartir las tareas y el trabajo.&nbsp;<\/span><\/li>\n<li style=\"font-weight: 400;\"><span style=\"font-weight: 400;\">Promocionando el papel de la mujer en la historia, tanto en el arte como en la ciencia, trabajando libros, v\u00eddeos, pel\u00edculas o efem\u00e9rides determinadas que permitan al alumnado conocer mejor todo lo que hicieron ellas. <\/span><\/li>\n<\/ul>\n<\/div><\/div><\/div><\/div><\/div><\/div>\n","protected":false},"excerpt":{"rendered":"","protected":false},"author":1,"featured_media":0,"parent":0,"menu_order":0,"comment_status":"closed","ping_status":"closed","template":"","meta":{"ngg_post_thumbnail":0},"_links":{"self":[{"href":"https:\/\/cpsarriguren.educacion.navarra.es\/web\/wp-json\/wp\/v2\/pages\/3864"}],"collection":[{"href":"https:\/\/cpsarriguren.educacion.navarra.es\/web\/wp-json\/wp\/v2\/pages"}],"about":[{"href":"https:\/\/cpsarriguren.educacion.navarra.es\/web\/wp-json\/wp\/v2\/types\/page"}],"author":[{"embeddable":true,"href":"https:\/\/cpsarriguren.educacion.navarra.es\/web\/wp-json\/wp\/v2\/users\/1"}],"replies":[{"embeddable":true,"href":"https:\/\/cpsarriguren.educacion.navarra.es\/web\/wp-json\/wp\/v2\/comments?post=3864"}],"version-history":[{"count":2,"href":"https:\/\/cpsarriguren.educacion.navarra.es\/web\/wp-json\/wp\/v2\/pages\/3864\/revisions"}],"predecessor-version":[{"id":3866,"href":"https:\/\/cpsarriguren.educacion.navarra.es\/web\/wp-json\/wp\/v2\/pages\/3864\/revisions\/3866"}],"wp:attachment":[{"href":"https:\/\/cpsarriguren.educacion.navarra.es\/web\/wp-json\/wp\/v2\/media?parent=3864"}],"curies":[{"name":"wp","href":"https:\/\/api.w.org\/{rel}","templated":true}]}}