{"id":3843,"date":"2024-04-17T10:45:17","date_gmt":"2024-04-17T08:45:17","guid":{"rendered":"https:\/\/cpsarriguren.educacion.navarra.es\/web\/?page_id=3843"},"modified":"2024-04-17T10:45:17","modified_gmt":"2024-04-17T08:45:17","slug":"sobre-que-trabajamos","status":"publish","type":"page","link":"https:\/\/cpsarriguren.educacion.navarra.es\/web\/sobre-que-trabajamos\/","title":{"rendered":"\u00bfSobre qu\u00e9 trabajamos?"},"content":{"rendered":"<div class=\"fsn-row full-width-row fsn-69d2dcffde060 light\" style=\"background-repeat:repeat;background-position:left top;background-attachment:scroll;background-size:auto;\"><div class=\"container-fluid\"><div class=\"row\"><div class=\"col-sm-12\"><div class=\"fsn-column-inner fsn-69d2dcffde0e5 light\"><div class=\"fsn-text fsn-69d2dcffde148\">\n<h4><span style=\"color: #cc99ff;\"><strong>\u00bfSOBRE QU\u00c9 TRABAJAMOS?<img loading=\"lazy\" class=\"wp-image-3844 alignright\" src=\"https:\/\/cpsarriguren.educacion.navarra.es\/web\/wp-content\/uploads\/2024\/04\/coeducacion-cabecera1.png\" alt=\"\" width=\"258\" height=\"181\" srcset=\"https:\/\/cpsarriguren.educacion.navarra.es\/web\/wp-content\/uploads\/2024\/04\/coeducacion-cabecera1.png 960w, https:\/\/cpsarriguren.educacion.navarra.es\/web\/wp-content\/uploads\/2024\/04\/coeducacion-cabecera1-300x210.png 300w, https:\/\/cpsarriguren.educacion.navarra.es\/web\/wp-content\/uploads\/2024\/04\/coeducacion-cabecera1-768x538.png 768w, https:\/\/cpsarriguren.educacion.navarra.es\/web\/wp-content\/uploads\/2024\/04\/coeducacion-cabecera1-640x448.png 640w, https:\/\/cpsarriguren.educacion.navarra.es\/web\/wp-content\/uploads\/2024\/04\/coeducacion-cabecera1-750x525.png 750w\" sizes=\"(max-width: 258px) 100vw, 258px\" \/><\/strong><\/span><\/h4>\n<p><span style=\"color: #932feb;\"><b>1.CR\u00cdTICA Y RESPONSABILIDAD FRENTE A LA DESIGUALDAD<\/b><\/span><\/p>\n<p><span style=\"font-weight: 400;\">Se identifican y analizan las desigualdades de g\u00e9nero desde el pensamiento cr\u00edtico y se asume el compromiso para transformarlas y avanzar hacia una sociedad m\u00e1s igualitaria trabajando desde lo personal, lo relacional y lo social. <\/span><span style=\"font-weight: 400;\">Todo ello implica, entre otras muchas habilidades:<\/span><\/p>\n<ul>\n<li style=\"font-weight: 400;\"><span style=\"font-weight: 400;\">Pensar de manera cr\u00edtica acerca de las desigualdades de g\u00e9nero y sus causas.&nbsp;<\/span><\/li>\n<li style=\"font-weight: 400;\"><span style=\"font-weight: 400;\">Identificar los mandatos de g\u00e9nero que limitan el desarrollo de un proyecto vital propio.<\/span><\/li>\n<li style=\"font-weight: 400;\"><span style=\"font-weight: 400;\">Reconocer la presencia de las mujeres en todos los \u00e1mbitos del conocimiento y su repercusi\u00f3n en el impulso de la igualdad.<\/span><\/li>\n<\/ul>\n<p><span style=\"color: #932feb;\"><strong>2.AUTONOMIA E INDEPENDENCIA PERSONAL<\/strong><\/span><\/p>\n<p><span style=\"font-weight: 400;\">Se asume la autonom\u00eda personal de los trabajos del cuidado y el trabajo orientado al empleo o autonom\u00eda econ\u00f3mica como condici\u00f3n esencial para los proyectos de vida igualitarios, lo que conlleva entre otras habilidades:<\/span><\/p>\n<ul>\n<li><span style=\"font-weight: 400;\"> Aprender a valorar y realizar todo tipo de tareas de cuidados, tanto de autocuidado, como de cuidado de las dem\u00e1s personas.<\/span><\/li>\n<li><span style=\"font-weight: 400;\"> Reconocer la importancia de equilibrar cuidados y empleo para el desarrollo de un proyecto vital igualitario.<\/span><\/li>\n<li><span style=\"font-weight: 400;\"> Favorecer la cultura de la corresponsabilidad con un reparto equitativo de los tiempos y los trabajos.<\/span><\/li>\n<li><span style=\"font-weight: 400;\"> Reflexi\u00f3n sobre el modelo econ\u00f3mico actual y su relaci\u00f3n con la satisfacci\u00f3n de necesidades y cuidados de todas las personas.<\/span><\/li>\n<\/ul>\n<p><strong><span style=\"color: #932feb;\">3.LIDERAZGO, EMPODERAMIENTO Y PARTICIPACI\u00d3N SOCIAL<\/span><\/strong><\/p>\n<p><span style=\"font-weight: 400;\">Se cuestiona la jerarqu\u00eda otorgada a los distintos saberes. Se reconoce la capacidad de todas las personas para decidir, coordinar e impulsar actuaciones conjuntas para conseguir objetivos comunes igualitarios. Ello implica desarrollar habilidades para:<\/span><\/p>\n<ul>\n<li><span style=\"font-weight: 400;\"> Fomentar la <\/span><b>autoconfianza y el empoderamiento<\/b><span style=\"font-weight: 400;\"> de todas las personas para asumir desaf\u00edos de<\/span><b> liderazgo.<\/b><\/li>\n<li><span style=\"font-weight: 400;\"> Reconocer las <\/span><b>situaciones de desigualdad y reparto desigual del poder<\/b><span style=\"font-weight: 400;\">, para hacerlas visibles, cuestionarlas y cambiarlas.<\/span><\/li>\n<li><span style=\"font-weight: 400;\"> Comprender el impacto que cada persona tiene en las dem\u00e1s. <\/span><b>Ejercer y aceptar el liderazgo propio y de las dem\u00e1s personas.<\/b><\/li>\n<li><span style=\"font-weight: 400;\"> Poner en pr\u00e1ctica un <\/span><b>trabajo en equipo equilibrado e inclusivo <\/b><span style=\"font-weight: 400;\">y mostrar capacidad de adaptaci\u00f3n.<\/span><\/li>\n<\/ul>\n<p><span style=\"color: #932feb;\"><strong>4.SEXUALIDAD Y BUEN TRATO<\/strong><\/span><\/p>\n<p><span style=\"font-weight: 400;\">Se favorece, desde las primeras etapas escolares, el desarrollo integral de una sexualidad positiva, saludable, que respete la diversidad y evite todo tipo de prejuicios por raz\u00f3n de orientaci\u00f3n e identidad sexual y\/o de g\u00e9nero.<img loading=\"lazy\" class=\"wp-image-3846 alignleft\" src=\"https:\/\/cpsarriguren.educacion.navarra.es\/web\/wp-content\/uploads\/2024\/04\/purple-cute-heart-isolated-icon-free-vector.jpg\" alt=\"\" width=\"126\" height=\"126\" srcset=\"https:\/\/cpsarriguren.educacion.navarra.es\/web\/wp-content\/uploads\/2024\/04\/purple-cute-heart-isolated-icon-free-vector.jpg 200w, https:\/\/cpsarriguren.educacion.navarra.es\/web\/wp-content\/uploads\/2024\/04\/purple-cute-heart-isolated-icon-free-vector-150x150.jpg 150w\" sizes=\"(max-width: 126px) 100vw, 126px\" \/><\/span><\/p>\n<p><span style=\"font-weight: 400;\">Se c<\/span><span style=\"font-weight: 400;\">o<\/span>ntribuye as\u00ed a construir <b>relaciones afectivas igualitarias y sin violencias, basadas en el buen trato.<\/b> Para ello, se desarrollar\u00e1n habilidades para:<\/p>\n<ul>\n<li><span style=\"font-weight: 400;\">Conocer el cuerpo y tomar conciencia de su crecimiento. Asumir el cuerpo como fuente de sensaciones, relaci\u00f3n, comunicaci\u00f3n, satisfacci\u00f3n y placer.<\/span><\/li>\n<li><span style=\"font-weight: 400;\"> Asumir de forma positiva la identidad sexual, libre de discriminaciones de g\u00e9nero y <\/span><b>reconocer la diversidad de identidades y orientaciones sexuales.<\/b><\/li>\n<li><span style=\"font-weight: 400;\"> Favorecer y potenciar relaciones basadas en el respeto y en el crecimiento personal.<\/span><\/li>\n<li><b>Identificar malos tratos y poner l\u00edmites en comportamientos abusivos <\/b><span style=\"font-weight: 400;\">y poder dar una respuesta adecuada ante una agresi\u00f3n sexista o sexual.<\/span><\/li>\n<li><span style=\"font-weight: 400;\"> Analizar de <\/span><b>manera cr\u00edticas los modelos de belleza y de relaciones<\/b><span style=\"font-weight: 400;\">, as\u00ed como de la comercializaci\u00f3n del sexo y de la violencia sexual.<\/span><\/li>\n<\/ul>\n<\/div><\/div><\/div><\/div><\/div><\/div>\n","protected":false},"excerpt":{"rendered":"","protected":false},"author":1,"featured_media":0,"parent":0,"menu_order":0,"comment_status":"closed","ping_status":"closed","template":"","meta":{"ngg_post_thumbnail":0},"_links":{"self":[{"href":"https:\/\/cpsarriguren.educacion.navarra.es\/web\/wp-json\/wp\/v2\/pages\/3843"}],"collection":[{"href":"https:\/\/cpsarriguren.educacion.navarra.es\/web\/wp-json\/wp\/v2\/pages"}],"about":[{"href":"https:\/\/cpsarriguren.educacion.navarra.es\/web\/wp-json\/wp\/v2\/types\/page"}],"author":[{"embeddable":true,"href":"https:\/\/cpsarriguren.educacion.navarra.es\/web\/wp-json\/wp\/v2\/users\/1"}],"replies":[{"embeddable":true,"href":"https:\/\/cpsarriguren.educacion.navarra.es\/web\/wp-json\/wp\/v2\/comments?post=3843"}],"version-history":[{"count":2,"href":"https:\/\/cpsarriguren.educacion.navarra.es\/web\/wp-json\/wp\/v2\/pages\/3843\/revisions"}],"predecessor-version":[{"id":3848,"href":"https:\/\/cpsarriguren.educacion.navarra.es\/web\/wp-json\/wp\/v2\/pages\/3843\/revisions\/3848"}],"wp:attachment":[{"href":"https:\/\/cpsarriguren.educacion.navarra.es\/web\/wp-json\/wp\/v2\/media?parent=3843"}],"curies":[{"name":"wp","href":"https:\/\/api.w.org\/{rel}","templated":true}]}}