{"id":3834,"date":"2024-04-16T12:58:13","date_gmt":"2024-04-16T10:58:13","guid":{"rendered":"https:\/\/cpsarriguren.educacion.navarra.es\/web\/?page_id=3834"},"modified":"2024-04-17T11:14:35","modified_gmt":"2024-04-17T09:14:35","slug":"que-es-la-coeducacion","status":"publish","type":"page","link":"https:\/\/cpsarriguren.educacion.navarra.es\/web\/que-es-la-coeducacion\/","title":{"rendered":"\u00bfQu\u00e9 es la coeducaci\u00f3n?"},"content":{"rendered":"<div class=\"fsn-row full-width-row fsn-69d0f30775139 light\" style=\"background-repeat:repeat;background-position:left top;background-attachment:scroll;background-size:auto;\"><div class=\"container-fluid\"><div class=\"row\"><div class=\"col-sm-12\"><div class=\"fsn-column-inner fsn-69d0f30775186 light\"><div class=\"fsn-text fsn-69d0f307751ae\">\n<h4><span style=\"color: #cc99ff;\"><strong>\u00bfQU\u00c9 ES LA COEDUCACI\u00d3N?<\/strong><\/span><\/h4>\n<p><span style=\"font-weight: 400;\">Coeducar consiste en intervenir de manera planificada y coordinada para que todas las alumnas y alumnos puedan desarrollarse de manera integral en todas sus capacidades y habilidades.&nbsp;<\/span><\/p>\n<p><img loading=\"lazy\" class=\"wp-image-3835 alignleft\" src=\"https:\/\/cpsarriguren.educacion.navarra.es\/web\/wp-content\/uploads\/2024\/04\/Hezkidetza-baliabideak.jpg\" alt=\"\" width=\"229\" height=\"174\" srcset=\"https:\/\/cpsarriguren.educacion.navarra.es\/web\/wp-content\/uploads\/2024\/04\/Hezkidetza-baliabideak.jpg 968w, https:\/\/cpsarriguren.educacion.navarra.es\/web\/wp-content\/uploads\/2024\/04\/Hezkidetza-baliabideak-300x228.jpg 300w, https:\/\/cpsarriguren.educacion.navarra.es\/web\/wp-content\/uploads\/2024\/04\/Hezkidetza-baliabideak-768x585.jpg 768w, https:\/\/cpsarriguren.educacion.navarra.es\/web\/wp-content\/uploads\/2024\/04\/Hezkidetza-baliabideak-640x487.jpg 640w, https:\/\/cpsarriguren.educacion.navarra.es\/web\/wp-content\/uploads\/2024\/04\/Hezkidetza-baliabideak-750x571.jpg 750w\" sizes=\"(max-width: 229px) 100vw, 229px\" \/><\/p>\n<p><span style=\"font-weight: 400;\">Coeducar es a<\/span><span style=\"font-weight: 400;\">postar por una convivencia en igualdad de todas las personas. Para ello, es necesario eliminar estereotipo<\/span>s y cualquier mecanismo discriminatorio, no s\u00f3lo en la estructura formal de la escuela, sino tambi\u00e9n en los principios&nbsp; y en la pr\u00e1ctica educativa. Coeducar es transformar los centros educativos mixtos en centros coeducativos en los que se viva y se construya la igualdad.&nbsp;<\/p>\n<\/div><\/div><\/div><\/div><\/div><\/div>\n","protected":false},"excerpt":{"rendered":"","protected":false},"author":1,"featured_media":0,"parent":0,"menu_order":0,"comment_status":"closed","ping_status":"closed","template":"","meta":{"ngg_post_thumbnail":0},"_links":{"self":[{"href":"https:\/\/cpsarriguren.educacion.navarra.es\/web\/wp-json\/wp\/v2\/pages\/3834"}],"collection":[{"href":"https:\/\/cpsarriguren.educacion.navarra.es\/web\/wp-json\/wp\/v2\/pages"}],"about":[{"href":"https:\/\/cpsarriguren.educacion.navarra.es\/web\/wp-json\/wp\/v2\/types\/page"}],"author":[{"embeddable":true,"href":"https:\/\/cpsarriguren.educacion.navarra.es\/web\/wp-json\/wp\/v2\/users\/1"}],"replies":[{"embeddable":true,"href":"https:\/\/cpsarriguren.educacion.navarra.es\/web\/wp-json\/wp\/v2\/comments?post=3834"}],"version-history":[{"count":3,"href":"https:\/\/cpsarriguren.educacion.navarra.es\/web\/wp-json\/wp\/v2\/pages\/3834\/revisions"}],"predecessor-version":[{"id":3855,"href":"https:\/\/cpsarriguren.educacion.navarra.es\/web\/wp-json\/wp\/v2\/pages\/3834\/revisions\/3855"}],"wp:attachment":[{"href":"https:\/\/cpsarriguren.educacion.navarra.es\/web\/wp-json\/wp\/v2\/media?parent=3834"}],"curies":[{"name":"wp","href":"https:\/\/api.w.org\/{rel}","templated":true}]}}