{"id":3829,"date":"2024-04-16T12:52:55","date_gmt":"2024-04-16T10:52:55","guid":{"rendered":"https:\/\/cpsarriguren.educacion.navarra.es\/web\/?page_id=3829"},"modified":"2024-04-16T13:03:50","modified_gmt":"2024-04-16T11:03:50","slug":"skolae-2","status":"publish","type":"page","link":"https:\/\/cpsarriguren.educacion.navarra.es\/web\/skolae-2\/","title":{"rendered":"SKOLAE"},"content":{"rendered":"<div class=\"fsn-row full-width-row fsn-6a0588184df6b light\" style=\"background-repeat:repeat;background-position:left top;background-attachment:scroll;background-size:auto;\"><div class=\"container-fluid\"><div class=\"row\"><div class=\"col-sm-12\"><div class=\"fsn-column-inner fsn-6a0588184dfd7 light\"><div class=\"fsn-text fsn-6a0588184e00f\">\n<h3 style=\"text-align: center;\"><span style=\"color: #800080;\"><em><span style=\"font-weight: 400;\">\u00abQue el alumnado aprenda a lo largo de todas las etapas educativas a desarrollar las competencias que le permitan elegir el proyecto vi<\/span><\/em><\/span><span style=\"color: #800080;\"><em><span style=\"font-weight: 400;\">tal propio, desde la libertad y la diversidad de opciones, sin condicionantes de g\u00e9nero, aprendiendo<\/span><\/em><\/span><em style=\"color: #800080; font-family: inherit;\"><span style=\"font-weight: 400;\"> a identificar las desigualdades, a luchar contra ellas y a ejercer su derecho a la i<\/span><\/em><em style=\"font-family: inherit; color: #800080;\"><span style=\"font-weight: 400;\">gualdad en el \u00e1mbito de su cultura, religi\u00f3n, clase social, orientaci\u00f3n e identidad sexual, situaci\u00f3n funcional, etc<\/span><\/em><em style=\"font-family: inherit; color: #800080;\"><span style=\"font-weight: 400;\">. \u00bb <\/span><\/em>&nbsp; <img loading=\"lazy\" class=\"wp-image-3830 aligncenter\" style=\"font-size: 16px; margin-top: 6px;\" src=\"https:\/\/cpsarriguren.educacion.navarra.es\/web\/wp-content\/uploads\/2024\/04\/Logo-SKOLAE-GN-570x493-1.jpg\" alt=\"\" width=\"222\" height=\"192\" srcset=\"https:\/\/cpsarriguren.educacion.navarra.es\/web\/wp-content\/uploads\/2024\/04\/Logo-SKOLAE-GN-570x493-1.jpg 570w, https:\/\/cpsarriguren.educacion.navarra.es\/web\/wp-content\/uploads\/2024\/04\/Logo-SKOLAE-GN-570x493-1-300x259.jpg 300w\" sizes=\"(max-width: 222px) 100vw, 222px\" \/><\/h3>\n<p>&nbsp;<\/p>\n<\/div><\/div><\/div><\/div><\/div><\/div>\n","protected":false},"excerpt":{"rendered":"","protected":false},"author":1,"featured_media":0,"parent":0,"menu_order":0,"comment_status":"closed","ping_status":"closed","template":"","meta":{"ngg_post_thumbnail":0},"_links":{"self":[{"href":"https:\/\/cpsarriguren.educacion.navarra.es\/web\/wp-json\/wp\/v2\/pages\/3829"}],"collection":[{"href":"https:\/\/cpsarriguren.educacion.navarra.es\/web\/wp-json\/wp\/v2\/pages"}],"about":[{"href":"https:\/\/cpsarriguren.educacion.navarra.es\/web\/wp-json\/wp\/v2\/types\/page"}],"author":[{"embeddable":true,"href":"https:\/\/cpsarriguren.educacion.navarra.es\/web\/wp-json\/wp\/v2\/users\/1"}],"replies":[{"embeddable":true,"href":"https:\/\/cpsarriguren.educacion.navarra.es\/web\/wp-json\/wp\/v2\/comments?post=3829"}],"version-history":[{"count":2,"href":"https:\/\/cpsarriguren.educacion.navarra.es\/web\/wp-json\/wp\/v2\/pages\/3829\/revisions"}],"predecessor-version":[{"id":3840,"href":"https:\/\/cpsarriguren.educacion.navarra.es\/web\/wp-json\/wp\/v2\/pages\/3829\/revisions\/3840"}],"wp:attachment":[{"href":"https:\/\/cpsarriguren.educacion.navarra.es\/web\/wp-json\/wp\/v2\/media?parent=3829"}],"curies":[{"name":"wp","href":"https:\/\/api.w.org\/{rel}","templated":true}]}}