{"id":3814,"date":"2024-03-21T09:54:04","date_gmt":"2024-03-21T08:54:04","guid":{"rendered":"https:\/\/cpsarriguren.educacion.navarra.es\/web\/?page_id=3814"},"modified":"2024-03-21T09:56:21","modified_gmt":"2024-03-21T08:56:21","slug":"ikasnova-jiji","status":"publish","type":"page","link":"https:\/\/cpsarriguren.educacion.navarra.es\/web\/ikasnova-jiji\/","title":{"rendered":"AULA IKASNOVA"},"content":{"rendered":"<div class=\"fsn-row full-width-row fsn-69d28eb64c01c light\" style=\"background-repeat:repeat;background-position:left top;background-attachment:scroll;background-size:auto;\"><div class=\"container-fluid\"><div class=\"row\"><div class=\"col-sm-12\"><div class=\"fsn-column-inner fsn-69d28eb64c087 light\"><div class=\"fsn-text fsn-69d28eb64c0b7\">\n<p>Desde el curso 2023\/2024 contamos con un<strong><span style=\"color: #339966;\"> Aula IkasNOVA<\/span><\/strong> en nuestro centro, llamada<span style=\"color: #339966;\"><strong><em> \u00abAula Infinita\u00bb.<\/em> <\/strong><\/span>Este aula, concedida y subvencionada por el Departamento de Educaci\u00f3n, nos permite desarrollar con nuestro alumnado capacidades en relaci\u00f3n a la <span style=\"color: #ff9900;\"><em><strong>ingenier\u00eda, la ciencia, el arte, las matem\u00e1ticas y la inform\u00e1tica, <\/strong><\/em><\/span>as\u00ed como el pensamiento computacional.&nbsp;<\/p>\n<p>&nbsp;<\/p>\n<\/div><\/div><\/div><\/div><\/div><\/div>\n","protected":false},"excerpt":{"rendered":"","protected":false},"author":1,"featured_media":0,"parent":0,"menu_order":0,"comment_status":"closed","ping_status":"closed","template":"","meta":{"ngg_post_thumbnail":0},"_links":{"self":[{"href":"https:\/\/cpsarriguren.educacion.navarra.es\/web\/wp-json\/wp\/v2\/pages\/3814"}],"collection":[{"href":"https:\/\/cpsarriguren.educacion.navarra.es\/web\/wp-json\/wp\/v2\/pages"}],"about":[{"href":"https:\/\/cpsarriguren.educacion.navarra.es\/web\/wp-json\/wp\/v2\/types\/page"}],"author":[{"embeddable":true,"href":"https:\/\/cpsarriguren.educacion.navarra.es\/web\/wp-json\/wp\/v2\/users\/1"}],"replies":[{"embeddable":true,"href":"https:\/\/cpsarriguren.educacion.navarra.es\/web\/wp-json\/wp\/v2\/comments?post=3814"}],"version-history":[{"count":3,"href":"https:\/\/cpsarriguren.educacion.navarra.es\/web\/wp-json\/wp\/v2\/pages\/3814\/revisions"}],"predecessor-version":[{"id":3818,"href":"https:\/\/cpsarriguren.educacion.navarra.es\/web\/wp-json\/wp\/v2\/pages\/3814\/revisions\/3818"}],"wp:attachment":[{"href":"https:\/\/cpsarriguren.educacion.navarra.es\/web\/wp-json\/wp\/v2\/media?parent=3814"}],"curies":[{"name":"wp","href":"https:\/\/api.w.org\/{rel}","templated":true}]}}