{"id":3731,"date":"2024-01-31T11:14:01","date_gmt":"2024-01-31T10:14:01","guid":{"rendered":"https:\/\/cpsarriguren.educacion.navarra.es\/web\/?page_id=3731"},"modified":"2025-12-04T11:16:00","modified_gmt":"2025-12-04T10:16:00","slug":"dia-de-la-paz","status":"publish","type":"page","link":"https:\/\/cpsarriguren.educacion.navarra.es\/web\/dia-de-la-paz\/","title":{"rendered":"D\u00eda de la Paz"},"content":{"rendered":"<div class=\"fsn-row full-width-row fsn-69d0f37205685 light\" style=\"background-repeat:repeat;background-position:left top;background-attachment:scroll;background-size:auto;\"><div class=\"container-fluid\"><div class=\"row\"><div class=\"col-sm-12\"><div class=\"fsn-column-inner fsn-69d0f372056cf light\"><div class=\"fsn-text fsn-69d0f372056fe\">\n<p>Todos los cursos celebramos el <span style=\"color: #3366ff;\"><strong>D\u00eda de la Paz.&nbsp;<\/strong><\/span><\/p>\n<p>Solemos aprovechar para escoger alguna canci\u00f3n con un mensaje poderoso que trabajar o alguna din\u00e1mica o propuesta que nos sirva para trabajar la Paz.&nbsp;<\/p>\n<p>Os dejamos un v\u00eddeo de la celebraci\u00f3n del D\u00eda de la Paz a modo de ejemplo, que realizamos en cursos anteriores. En esa ocasi\u00f3n estuvimos trabajando la canci\u00f3n de <strong>Saurom, Paz.&nbsp;<\/strong><\/p>\n<p><span style=\"color: #3366ff;\"><em><strong>Esperemos que os guste.<\/strong><\/em><\/span><\/p>\n<div class=\"embed-container\"><iframe loading=\"lazy\" title=\"SAUROM - Paz\" width=\"750\" height=\"563\" src=\"https:\/\/www.youtube.com\/embed\/lwsNzkAlk-Q?feature=oembed\" frameborder=\"0\" allow=\"accelerometer; autoplay; clipboard-write; encrypted-media; gyroscope; picture-in-picture; web-share\" referrerpolicy=\"strict-origin-when-cross-origin\" allowfullscreen><\/iframe><\/div>\n<p>&nbsp;<\/p>\n<div class=\"embed-container\"><iframe loading=\"lazy\" title=\"D\u00eda de la Paz, curso 23\/24. Canci\u00f3n: Paz, de Saurom.\" width=\"750\" height=\"422\" src=\"https:\/\/www.youtube.com\/embed\/IutO-7idpUc?feature=oembed\" frameborder=\"0\" allow=\"accelerometer; autoplay; clipboard-write; encrypted-media; gyroscope; picture-in-picture; web-share\" referrerpolicy=\"strict-origin-when-cross-origin\" allowfullscreen><\/iframe><\/div>\n<\/div><\/div><\/div><\/div><\/div><\/div>\n","protected":false},"excerpt":{"rendered":"","protected":false},"author":1,"featured_media":0,"parent":0,"menu_order":0,"comment_status":"closed","ping_status":"closed","template":"","meta":{"ngg_post_thumbnail":0},"_links":{"self":[{"href":"https:\/\/cpsarriguren.educacion.navarra.es\/web\/wp-json\/wp\/v2\/pages\/3731"}],"collection":[{"href":"https:\/\/cpsarriguren.educacion.navarra.es\/web\/wp-json\/wp\/v2\/pages"}],"about":[{"href":"https:\/\/cpsarriguren.educacion.navarra.es\/web\/wp-json\/wp\/v2\/types\/page"}],"author":[{"embeddable":true,"href":"https:\/\/cpsarriguren.educacion.navarra.es\/web\/wp-json\/wp\/v2\/users\/1"}],"replies":[{"embeddable":true,"href":"https:\/\/cpsarriguren.educacion.navarra.es\/web\/wp-json\/wp\/v2\/comments?post=3731"}],"version-history":[{"count":4,"href":"https:\/\/cpsarriguren.educacion.navarra.es\/web\/wp-json\/wp\/v2\/pages\/3731\/revisions"}],"predecessor-version":[{"id":4139,"href":"https:\/\/cpsarriguren.educacion.navarra.es\/web\/wp-json\/wp\/v2\/pages\/3731\/revisions\/4139"}],"wp:attachment":[{"href":"https:\/\/cpsarriguren.educacion.navarra.es\/web\/wp-json\/wp\/v2\/media?parent=3731"}],"curies":[{"name":"wp","href":"https:\/\/api.w.org\/{rel}","templated":true}]}}