{"id":3151,"date":"2022-10-14T10:13:25","date_gmt":"2022-10-14T08:13:25","guid":{"rendered":"https:\/\/cpsarriguren.educacion.navarra.es\/web\/?page_id=3151"},"modified":"2025-12-04T12:18:31","modified_gmt":"2025-12-04T11:18:31","slug":"hallowen","status":"publish","type":"page","link":"https:\/\/cpsarriguren.educacion.navarra.es\/web\/hallowen\/","title":{"rendered":"Halloween"},"content":{"rendered":"<p>Sin duda alguna, la celebraci\u00f3n de <strong>Halloween<\/strong> es una de las m\u00e1s esperadas por nuestro alumnado. \u00a1Lo solemos pasar de miedo!&nbsp;<\/p>\n<p>En <strong>Infantil <\/strong>suelen realizar diferentes actividades: crear complementos para sus disfraces, como gorros de brujos y brujas con pelos fluorescentes, collares pintados con pintura fluorescente, decorar vasos que brillan para hacer un ejercicio de ritmo con m\u00fasica en la oscuridad,&nbsp; diversos pasatiempos y actividades de destreza, como por ejemplo, atrapar \u00ab<em>ara\u00f1as<\/em>\u00ab&#8230; \u00a1Se lo pasan en grande!<\/p>\n<p>En <strong>Primaria<\/strong> los ni\u00f1os y ni\u00f1as suelen empezar a hacer propuestas de Halloween durante toda esa semana en las especialidades de m\u00fasica y educaci\u00f3n f\u00edsica. Y, el d\u00eda de la celebraci\u00f3n general, &nbsp;se realizan diferentes talleres a lo largo de la ma\u00f1ana: de baile, de pintacaras, manualidades, historias \u00ab<em>terror\u00edficas<\/em>\u00ab, juegos de Halloween, etc. Algunos grupos tambi\u00e9n pueden disfrutar de una peli para terminar el d\u00eda. Adem\u00e1s, alg\u00fan a\u00f1o, los m\u00e1s mayores del cole pudieron experimentar un peque\u00f1o t\u00fanel del terror creado por sus profes (totalmente voluntario, solo para los que quer\u00edan pasar por ese pasillo).&nbsp;<\/p>\n<p>\u00a1Siempre es un d\u00eda muy divertido, tanto para el alumnado como para los y las profes!<\/p>\n<p>\u00a1Cu\u00e1ntos disfraces vemos!<\/p>\n<p>&nbsp;<\/p>\nngg_shortcode_0_placeholder\n<div class=\"embed-container\"><iframe loading=\"lazy\" title=\"Halloween HUP 24\" width=\"750\" height=\"422\" src=\"https:\/\/www.youtube.com\/embed\/9XQ7mHHGolQ?start=1&#038;feature=oembed\" frameborder=\"0\" allow=\"accelerometer; autoplay; clipboard-write; encrypted-media; gyroscope; picture-in-picture; web-share\" referrerpolicy=\"strict-origin-when-cross-origin\" allowfullscreen><\/iframe><\/div>\n<p>&nbsp;<\/p>\n","protected":false},"excerpt":{"rendered":"<p>Sin duda alguna, la celebraci\u00f3n de Halloween es una de las m\u00e1s esperadas por nuestro alumnado. \u00a1Lo solemos pasar de miedo!&nbsp; En Infantil suelen realizar diferentes actividades: crear complementos para sus disfraces, como gorros de brujos y brujas con pelos fluorescentes, collares pintados con pintura fluorescente, decorar vasos que brillan para hacer un ejercicio de &hellip; <\/p>\n<p><a class=\"more-link btn\" href=\"https:\/\/cpsarriguren.educacion.navarra.es\/web\/hallowen\/\">Continue reading<\/a><\/p>\n","protected":false},"author":1,"featured_media":0,"parent":0,"menu_order":0,"comment_status":"closed","ping_status":"closed","template":"","meta":{"ngg_post_thumbnail":0},"_links":{"self":[{"href":"https:\/\/cpsarriguren.educacion.navarra.es\/web\/wp-json\/wp\/v2\/pages\/3151"}],"collection":[{"href":"https:\/\/cpsarriguren.educacion.navarra.es\/web\/wp-json\/wp\/v2\/pages"}],"about":[{"href":"https:\/\/cpsarriguren.educacion.navarra.es\/web\/wp-json\/wp\/v2\/types\/page"}],"author":[{"embeddable":true,"href":"https:\/\/cpsarriguren.educacion.navarra.es\/web\/wp-json\/wp\/v2\/users\/1"}],"replies":[{"embeddable":true,"href":"https:\/\/cpsarriguren.educacion.navarra.es\/web\/wp-json\/wp\/v2\/comments?post=3151"}],"version-history":[{"count":11,"href":"https:\/\/cpsarriguren.educacion.navarra.es\/web\/wp-json\/wp\/v2\/pages\/3151\/revisions"}],"predecessor-version":[{"id":4154,"href":"https:\/\/cpsarriguren.educacion.navarra.es\/web\/wp-json\/wp\/v2\/pages\/3151\/revisions\/4154"}],"wp:attachment":[{"href":"https:\/\/cpsarriguren.educacion.navarra.es\/web\/wp-json\/wp\/v2\/media?parent=3151"}],"curies":[{"name":"wp","href":"https:\/\/api.w.org\/{rel}","templated":true}]}}