{"id":3122,"date":"2022-10-14T10:08:21","date_gmt":"2022-10-14T08:08:21","guid":{"rendered":"https:\/\/cpsarriguren.educacion.navarra.es\/web\/?page_id=3122"},"modified":"2024-04-16T13:05:48","modified_gmt":"2024-04-16T11:05:48","slug":"skolae","status":"publish","type":"page","link":"https:\/\/cpsarriguren.educacion.navarra.es\/web\/skolae\/","title":{"rendered":"Skolae"},"content":{"rendered":"<div class=\"fsn-row full-width-row fsn-69d28eb6a9064 light\" style=\"background-repeat:repeat;background-position:left top;background-attachment:scroll;background-size:auto;\"><div class=\"container-fluid\"><div class=\"row\"><div class=\"col-sm-12\"><div class=\"fsn-column-inner fsn-69d28eb6a90ce light\"><div class=\"fsn-text fsn-69d28eb6a90fd\">\n<p>La <strong>coeducaci\u00f3n<\/strong> y la <strong>igualdad<\/strong> entre hombres y mujeres, as\u00ed como la prevenci\u00f3n de la <strong>violencia de g\u00e9nero<\/strong> es uno de los temas m\u00e1s importantes que podemos tratar en nuestra escuela y en nuestro d\u00eda a d\u00eda en la <strong>sociedad<\/strong>.<\/p>\n<p>Es por ello que desde hace unos cursos estamos inmersos en el programa coeducativo <span style=\"color: #8416de;\"><strong>SKOLAE<\/strong><\/span>, que divide su formaci\u00f3n al profesorado en cuatro ejes (<em><span style=\"color: #8416de;\">1. cr\u00edtica y responsabilidad frente a la desigualdad, 2. autonom\u00eda e independencia personal, 3. liderazgo, empoderamiento y participaci\u00f3n social y 4. sexualidad y buen trato<\/span><\/em>)&nbsp; para llevar la coeducaci\u00f3n al Centro y transmitirla al alumnado para formar y educar a personas que mejoren nuestra sociedad con sus buenas acciones en cuanto a la igualdad.&nbsp;<\/p>\n<p>Esta formaci\u00f3n nos ayuda a preparar nuestro Centro como un lugar coeducativo, tanto en cuanto a los espacios, como a las festividades o al lenguaje que utilizamos para comunicarnos.<\/p>\n<p>Para m\u00e1s informaci\u00f3n sobre el programa, se puede visitar el apartado de SKOLAE de <a href=\"https:\/\/cpsarriguren.educacion.navarra.es\/web\/skolae-2\/\">nuestra propia web<\/a> y de la <a href=\"https:\/\/coeducacion.educacion.navarra.es\/sobre-skolae\">web del propio programa.&nbsp;<\/a><\/p>\n<p><img loading=\"lazy\" class=\"size-full wp-image-3462 aligncenter\" src=\"https:\/\/cpsarriguren.educacion.navarra.es\/web\/wp-content\/uploads\/2023\/01\/SKOLAE-FOTO.jpg\" alt=\"\" width=\"316\" height=\"319\" srcset=\"https:\/\/cpsarriguren.educacion.navarra.es\/web\/wp-content\/uploads\/2023\/01\/SKOLAE-FOTO.jpg 316w, https:\/\/cpsarriguren.educacion.navarra.es\/web\/wp-content\/uploads\/2023\/01\/SKOLAE-FOTO-297x300.jpg 297w, https:\/\/cpsarriguren.educacion.navarra.es\/web\/wp-content\/uploads\/2023\/01\/SKOLAE-FOTO-150x150.jpg 150w\" sizes=\"(max-width: 316px) 100vw, 316px\" \/><\/p>\n<p>&nbsp;<\/p>\n<\/div><\/div><\/div><\/div><\/div><\/div>\n","protected":false},"excerpt":{"rendered":"","protected":false},"author":1,"featured_media":0,"parent":0,"menu_order":0,"comment_status":"closed","ping_status":"closed","template":"","meta":{"ngg_post_thumbnail":0},"_links":{"self":[{"href":"https:\/\/cpsarriguren.educacion.navarra.es\/web\/wp-json\/wp\/v2\/pages\/3122"}],"collection":[{"href":"https:\/\/cpsarriguren.educacion.navarra.es\/web\/wp-json\/wp\/v2\/pages"}],"about":[{"href":"https:\/\/cpsarriguren.educacion.navarra.es\/web\/wp-json\/wp\/v2\/types\/page"}],"author":[{"embeddable":true,"href":"https:\/\/cpsarriguren.educacion.navarra.es\/web\/wp-json\/wp\/v2\/users\/1"}],"replies":[{"embeddable":true,"href":"https:\/\/cpsarriguren.educacion.navarra.es\/web\/wp-json\/wp\/v2\/comments?post=3122"}],"version-history":[{"count":6,"href":"https:\/\/cpsarriguren.educacion.navarra.es\/web\/wp-json\/wp\/v2\/pages\/3122\/revisions"}],"predecessor-version":[{"id":3841,"href":"https:\/\/cpsarriguren.educacion.navarra.es\/web\/wp-json\/wp\/v2\/pages\/3122\/revisions\/3841"}],"wp:attachment":[{"href":"https:\/\/cpsarriguren.educacion.navarra.es\/web\/wp-json\/wp\/v2\/media?parent=3122"}],"curies":[{"name":"wp","href":"https:\/\/api.w.org\/{rel}","templated":true}]}}