{"id":3120,"date":"2022-10-14T10:08:10","date_gmt":"2022-10-14T08:08:10","guid":{"rendered":"https:\/\/cpsarriguren.educacion.navarra.es\/web\/?page_id=3120"},"modified":"2023-01-26T12:26:22","modified_gmt":"2023-01-26T11:26:22","slug":"laguntza","status":"publish","type":"page","link":"https:\/\/cpsarriguren.educacion.navarra.es\/web\/laguntza\/","title":{"rendered":"Laguntza"},"content":{"rendered":"<p><span style=\"font-weight: 400;\">Uno de los programas en los que estamos inmersos desde el curso 2021\/22 es el proyecto sobre <span style=\"color: #ff00ff;\"><strong>Educaci\u00f3n Socioemocional, Proyecto LAGUNTZA.<\/strong><\/span><\/span><\/p>\n<p>Este proyeco<span style=\"font-weight: 400;\"> consiste en&nbsp; trabajar la ecolog\u00eda emocional para lograr un entorno <strong>CAPA<\/strong>: <strong>C<\/strong>reativo, <strong>A<\/strong>moroso, <strong>P<\/strong>ac\u00edfico y <strong>A<\/strong>ut\u00f3nomo. <\/span><\/p>\n<p><span style=\"font-weight: 400;\">El objetivo de este programa es <\/span><span style=\"font-weight: 400;\">el <\/span><b>desarrollo del buen trato y del tratamiento de las emociones<\/b><span style=\"font-weight: 400;\"> (permitiendo que \u00e9stas tengan su espacio curricular en el d\u00eda a d\u00eda de la escuela), as\u00ed como <\/span><b>la mejora de la convivencia, un mejor aprendizaje y rendimiento acad\u00e9mico.<\/b><\/p>\n<p><span style=\"font-weight: 400;\">El impacto del programa se extiende a toda la comunidad educativa siendo importante la <\/span><b>informaci\u00f3n e implicaci\u00f3n de las familias<\/b><span style=\"font-weight: 400;\"> en este proyecto de Ecolog\u00eda Emocional como pilar fundamental.<\/span><\/p>\n<p>&nbsp;<\/p>\n<p>&nbsp;<\/p>\n<p><img loading=\"lazy\" class=\"alignnone size-full wp-image-3467\" src=\"https:\/\/cpsarriguren.educacion.navarra.es\/web\/wp-content\/uploads\/2023\/01\/LAGUNTZA.jpg\" alt=\"\" width=\"808\" height=\"504\" srcset=\"https:\/\/cpsarriguren.educacion.navarra.es\/web\/wp-content\/uploads\/2023\/01\/LAGUNTZA.jpg 808w, https:\/\/cpsarriguren.educacion.navarra.es\/web\/wp-content\/uploads\/2023\/01\/LAGUNTZA-300x187.jpg 300w, https:\/\/cpsarriguren.educacion.navarra.es\/web\/wp-content\/uploads\/2023\/01\/LAGUNTZA-768x479.jpg 768w, https:\/\/cpsarriguren.educacion.navarra.es\/web\/wp-content\/uploads\/2023\/01\/LAGUNTZA-640x399.jpg 640w, https:\/\/cpsarriguren.educacion.navarra.es\/web\/wp-content\/uploads\/2023\/01\/LAGUNTZA-750x468.jpg 750w\" sizes=\"(max-width: 808px) 100vw, 808px\" \/><\/p>\n<p>&nbsp;<\/p>\n<p>&nbsp;<\/p>\n","protected":false},"excerpt":{"rendered":"<p>Uno de los programas en los que estamos inmersos desde el curso 2021\/22 es el proyecto sobre Educaci\u00f3n Socioemocional, Proyecto LAGUNTZA. Este proyeco consiste en&nbsp; trabajar la ecolog\u00eda emocional para lograr un entorno CAPA: Creativo, Amoroso, Pac\u00edfico y Aut\u00f3nomo. El objetivo de este programa es el desarrollo del buen trato y del tratamiento de las &hellip; <\/p>\n<p><a class=\"more-link btn\" href=\"https:\/\/cpsarriguren.educacion.navarra.es\/web\/laguntza\/\">Continue reading<\/a><\/p>\n","protected":false},"author":1,"featured_media":0,"parent":0,"menu_order":0,"comment_status":"closed","ping_status":"closed","template":"","meta":{"ngg_post_thumbnail":0},"_links":{"self":[{"href":"https:\/\/cpsarriguren.educacion.navarra.es\/web\/wp-json\/wp\/v2\/pages\/3120"}],"collection":[{"href":"https:\/\/cpsarriguren.educacion.navarra.es\/web\/wp-json\/wp\/v2\/pages"}],"about":[{"href":"https:\/\/cpsarriguren.educacion.navarra.es\/web\/wp-json\/wp\/v2\/types\/page"}],"author":[{"embeddable":true,"href":"https:\/\/cpsarriguren.educacion.navarra.es\/web\/wp-json\/wp\/v2\/users\/1"}],"replies":[{"embeddable":true,"href":"https:\/\/cpsarriguren.educacion.navarra.es\/web\/wp-json\/wp\/v2\/comments?post=3120"}],"version-history":[{"count":3,"href":"https:\/\/cpsarriguren.educacion.navarra.es\/web\/wp-json\/wp\/v2\/pages\/3120\/revisions"}],"predecessor-version":[{"id":3468,"href":"https:\/\/cpsarriguren.educacion.navarra.es\/web\/wp-json\/wp\/v2\/pages\/3120\/revisions\/3468"}],"wp:attachment":[{"href":"https:\/\/cpsarriguren.educacion.navarra.es\/web\/wp-json\/wp\/v2\/media?parent=3120"}],"curies":[{"name":"wp","href":"https:\/\/api.w.org\/{rel}","templated":true}]}}