{"id":3118,"date":"2022-10-14T10:07:56","date_gmt":"2022-10-14T08:07:56","guid":{"rendered":"https:\/\/cpsarriguren.educacion.navarra.es\/web\/?page_id=3118"},"modified":"2024-01-25T10:53:45","modified_gmt":"2024-01-25T09:53:45","slug":"escuela-emocional","status":"publish","type":"page","link":"https:\/\/cpsarriguren.educacion.navarra.es\/web\/escuela-emocional\/","title":{"rendered":"ESCUELA EMOCIONAL"},"content":{"rendered":"<p>La <span style=\"color: #800080;\"><strong>educaci\u00f3n emocional<\/strong><\/span> est\u00e1 en la base de nuestro proyecto educativo y, por eso, nuestro Plan de Convivencia y sus planes anuales est\u00e1n encaminados al desarrollo de dicha inteligencia y as\u00ed conseguir que se obtengan estrategias que les hagan m\u00e1s emp\u00e1ticos\/as, reflexivos\/as y respetuosos\/as, consiguiendo un clima de escuela m\u00e1s amable. Continuaremos con nuestros programas de Convivencia: <em>Eje de Centro con propuestas para todas las festividades, Ecolog\u00eda emocional a trav\u00e9s de Laguntza, Coeducaci\u00f3n a trav\u00e9s de SKOLAE, Programa de Autodescubrimiento a trav\u00e9s del Baloncesto, Resiliencia, Tutor\u00edas afectivas y Talleres gestionados desde la comisi\u00f3n de convivencia.<\/em><\/p>\n<p><img loading=\"lazy\" class=\"aligncenter\" src=\"https:\/\/media.istockphoto.com\/id\/1058086048\/es\/vector\/silueta-de-la-cabeza-y-el-cerebro-con-forma-de-coraz%C3%B3n.jpg?s=612x612&amp;w=0&amp;k=20&amp;c=8VJWCJ_4eRTAgs_HLYX0KKWms1jc_Ok8uPLR_XH1GIk=\" alt=\"910+ Inteligencia Emocional Ilustraciones de Stock, gr\u00e1ficos vectoriales libres de derechos y clip art - iStock | Emociones, Emociones positivas, Liderazgo\" width=\"279\" height=\"279\"><\/p>\n","protected":false},"excerpt":{"rendered":"<p>La educaci\u00f3n emocional est\u00e1 en la base de nuestro proyecto educativo y, por eso, nuestro Plan de Convivencia y sus planes anuales est\u00e1n encaminados al desarrollo de dicha inteligencia y as\u00ed conseguir que se obtengan estrategias que les hagan m\u00e1s emp\u00e1ticos\/as, reflexivos\/as y respetuosos\/as, consiguiendo un clima de escuela m\u00e1s amable. Continuaremos con nuestros programas &hellip; <\/p>\n<p><a class=\"more-link btn\" href=\"https:\/\/cpsarriguren.educacion.navarra.es\/web\/escuela-emocional\/\">Continue reading<\/a><\/p>\n","protected":false},"author":1,"featured_media":0,"parent":0,"menu_order":0,"comment_status":"closed","ping_status":"closed","template":"","meta":{"ngg_post_thumbnail":0},"_links":{"self":[{"href":"https:\/\/cpsarriguren.educacion.navarra.es\/web\/wp-json\/wp\/v2\/pages\/3118"}],"collection":[{"href":"https:\/\/cpsarriguren.educacion.navarra.es\/web\/wp-json\/wp\/v2\/pages"}],"about":[{"href":"https:\/\/cpsarriguren.educacion.navarra.es\/web\/wp-json\/wp\/v2\/types\/page"}],"author":[{"embeddable":true,"href":"https:\/\/cpsarriguren.educacion.navarra.es\/web\/wp-json\/wp\/v2\/users\/1"}],"replies":[{"embeddable":true,"href":"https:\/\/cpsarriguren.educacion.navarra.es\/web\/wp-json\/wp\/v2\/comments?post=3118"}],"version-history":[{"count":5,"href":"https:\/\/cpsarriguren.educacion.navarra.es\/web\/wp-json\/wp\/v2\/pages\/3118\/revisions"}],"predecessor-version":[{"id":3715,"href":"https:\/\/cpsarriguren.educacion.navarra.es\/web\/wp-json\/wp\/v2\/pages\/3118\/revisions\/3715"}],"wp:attachment":[{"href":"https:\/\/cpsarriguren.educacion.navarra.es\/web\/wp-json\/wp\/v2\/media?parent=3118"}],"curies":[{"name":"wp","href":"https:\/\/api.w.org\/{rel}","templated":true}]}}