{"id":138,"date":"2017-01-12T15:55:47","date_gmt":"2017-01-12T14:55:47","guid":{"rendered":"http:\/\/cpsarriguren.educacion.navarra.es\/web\/?page_id=138"},"modified":"2024-01-25T10:03:06","modified_gmt":"2024-01-25T09:03:06","slug":"consejo-escolar","status":"publish","type":"page","link":"https:\/\/cpsarriguren.educacion.navarra.es\/web\/consejo-escolar\/","title":{"rendered":"Consejo Escolar"},"content":{"rendered":"<p class=\"western\" lang=\"en-ZW\"><i><b>Director:<\/b><\/i><\/p>\n<p class=\"western\" lang=\"en-ZW\"><i>Eva Blanco&nbsp;<\/i><\/p>\n<p class=\"western\" lang=\"en-ZW\">&nbsp;<\/p>\n<p class=\"western\" lang=\"en-ZW\"><i><b>Jefa de Estudios:<\/b><\/i><\/p>\n<p class=\"western\" lang=\"en-ZW\"><i>Adriana Ol\u00f3riz<\/i><\/p>\n<p lang=\"en-ZW\">&nbsp;<\/p>\n<p class=\"western\" lang=\"en-ZW\"><i><b>Jefa de Estudios:<\/b><\/i><\/p>\n<p class=\"western\" lang=\"en-ZW\"><i>Itsaso Esparza<\/i><\/p>\n<p lang=\"en-ZW\">&nbsp;<\/p>\n<p class=\"western\" lang=\"en-ZW\"><i><b>Secretaria:<\/b><\/i><\/p>\n<p class=\"western\" lang=\"en-ZW\"><i>Noelia Mo\u00f1ino<\/i><\/p>\n<p class=\"western\" lang=\"en-ZW\">&nbsp;<\/p>\n<p class=\"western\" lang=\"en-ZW\"><i><b>Representantes del Claustro:<\/b><\/i><\/p>\n<p class=\"western\" lang=\"en-ZW\"><i>Pilar Navarlaz<\/i><\/p>\n<p class=\"western\" lang=\"en-ZW\"><i>Patricia Collados<\/i><\/p>\n<p class=\"western\" lang=\"en-ZW\"><i>David Arzoz&nbsp;<\/i><\/p>\n<p lang=\"en-ZW\"><em>Javier Brians\u00f3<\/em><\/p>\n<p lang=\"en-ZW\"><em>Maite Mart\u00edn<\/em><\/p>\n<p lang=\"en-ZW\">&nbsp;<\/p>\n<p class=\"western\" lang=\"en-ZW\"><i><b>Representante del Ayuntamiento:<\/b><\/i><\/p>\n<p class=\"western\" lang=\"en-ZW\"><i>Joseba Ordu\u00f1a<\/i><\/p>\n<p lang=\"en-ZW\">&nbsp;<\/p>\n<p class=\"western\" lang=\"en-ZW\"><i><b>Representante PAS:<\/b><\/i><\/p>\n<p class=\"western\" lang=\"en-ZW\"><i>M\u00aa Jose Armend\u00e1riz<\/i><\/p>\n<p lang=\"en-ZW\">&nbsp;<\/p>\n<p class=\"western\" lang=\"en-ZW\"><i><b>Representante de la APYMA:<\/b><\/i><\/p>\n<p class=\"western\" lang=\"en-ZW\"><i>Cristina Bueno<\/i><\/p>\n<p lang=\"en-ZW\">&nbsp;<\/p>\n<p class=\"western\" lang=\"en-ZW\"><i><b>Representantes de Padres y Madres:<\/b><\/i><\/p>\n<p class=\"western\" lang=\"en-ZW\">Mar\u00eda \u00c1ngeles Garc\u00eda&nbsp;<\/p>\n<p class=\"western\" lang=\"en-ZW\">Montserrat Arenas<\/p>\n<p lang=\"en-ZW\">Rosa Pe\u00f1a<\/p>\n<p lang=\"en-ZW\">Iosu Moreno<\/p>\n","protected":false},"excerpt":{"rendered":"<p>Director: Eva Blanco&nbsp; &nbsp; Jefa de Estudios: Adriana Ol\u00f3riz &nbsp; Jefa de Estudios: Itsaso Esparza &nbsp; Secretaria: Noelia Mo\u00f1ino &nbsp; Representantes del Claustro: Pilar Navarlaz Patricia Collados David Arzoz&nbsp; Javier Brians\u00f3 Maite Mart\u00edn &nbsp; Representante del Ayuntamiento: Joseba Ordu\u00f1a &nbsp; Representante PAS: M\u00aa Jose Armend\u00e1riz &nbsp; Representante de la APYMA: Cristina Bueno &nbsp; Representantes de &hellip; <\/p>\n<p><a class=\"more-link btn\" href=\"https:\/\/cpsarriguren.educacion.navarra.es\/web\/consejo-escolar\/\">Continue reading<\/a><\/p>\n","protected":false},"author":1,"featured_media":0,"parent":0,"menu_order":0,"comment_status":"closed","ping_status":"closed","template":"","meta":{"ngg_post_thumbnail":0},"_links":{"self":[{"href":"https:\/\/cpsarriguren.educacion.navarra.es\/web\/wp-json\/wp\/v2\/pages\/138"}],"collection":[{"href":"https:\/\/cpsarriguren.educacion.navarra.es\/web\/wp-json\/wp\/v2\/pages"}],"about":[{"href":"https:\/\/cpsarriguren.educacion.navarra.es\/web\/wp-json\/wp\/v2\/types\/page"}],"author":[{"embeddable":true,"href":"https:\/\/cpsarriguren.educacion.navarra.es\/web\/wp-json\/wp\/v2\/users\/1"}],"replies":[{"embeddable":true,"href":"https:\/\/cpsarriguren.educacion.navarra.es\/web\/wp-json\/wp\/v2\/comments?post=138"}],"version-history":[{"count":12,"href":"https:\/\/cpsarriguren.educacion.navarra.es\/web\/wp-json\/wp\/v2\/pages\/138\/revisions"}],"predecessor-version":[{"id":3705,"href":"https:\/\/cpsarriguren.educacion.navarra.es\/web\/wp-json\/wp\/v2\/pages\/138\/revisions\/3705"}],"wp:attachment":[{"href":"https:\/\/cpsarriguren.educacion.navarra.es\/web\/wp-json\/wp\/v2\/media?parent=138"}],"curies":[{"name":"wp","href":"https:\/\/api.w.org\/{rel}","templated":true}]}}